{"id":50,"date":"2009-12-29T00:15:12","date_gmt":"2009-12-28T23:15:12","guid":{"rendered":"http:\/\/www.gladiole.pl\/?page_id=50"},"modified":"2026-02-05T11:32:18","modified_gmt":"2026-02-05T10:32:18","slug":"i-kmm","status":"publish","type":"page","link":"https:\/\/www.gladiole.pl\/?page_id=50","title":{"rendered":"I KMM"},"content":{"rendered":"<ul>\n<li>\n<h3><strong> Internetowy\u00a0 KLUB\u00a0\u00a0 MI\u0141O\u015aNIK\u00d3W\u00a0\u00a0\u00a0 MIECZYK\u00d3W<\/strong><\/h3>\n<\/li>\n<\/ul>\n<h4>Kwiaty sta\u0142y si\u0119 towarzyszem naszego \u017cycia! Spr\u00f3bujcie sobie wyobrazi\u0107 nasz \u015bwiat bez kwiat\u00f3w&#8230;<\/h4>\n<div><span style=\"font-size: medium;\"><span style=\"font-size: medium;\"> Pomy\u015blcie&#8230; Czy nie jest prawd\u0105, \u017ce \u017cycie by\u0142oby szare, smutne i przygn\u0119biaj\u0105ce?<br \/>\nDobrze, \u017ce w rzeczywisto\u015bci kwiaty s\u0105 zawsze z nami, a ludzie po prostu nie mog\u0105 si\u0119 bez nich obej\u015b\u0107.Kiedy ludzie staj\u0105 si\u0119 zm\u0119czeni ha\u0142asem asfaltowych dr\u00f3g i ponur\u0105 monotoni\u0105 betonowych \u015bcian<br \/>\noraz tworzyw sztucznych, opuszczaj\u0105 komfortowe mieszkania i wybieraj\u0105 si\u0119 w plener,<br \/>\nw kt\u00f3rym ich cia\u0142a i dusze uzdrawiaj\u0105 drzewa, ptaki, a tak\u017ce kwiaty.<br \/>\nBlisko\u015b\u0107 kwiat\u00f3w, kontemplacja ich niepowtarzalnej doskona\u0142o\u015bci oraz pi\u0119kna<br \/>\npowoduje zmi\u0119kczenie duszy i ukazuje najlepsze oblicze ludzkiej natury!<\/span><\/span>Wa\u017cne wydarzenia i uroczysto\u015bci w \u017cyciu cz\u0142owieka, zar\u00f3wno te radosne jak i smutne,<br \/>\nnie mog\u0105 si\u0119 obej\u015b\u0107 bez kwiat\u00f3w. Kwiaty s\u0105 \u017ar\u00f3d\u0142em rado\u015bci i tworz\u0105 niepowtarzalny nastr\u00f3j,<br \/>\na od urodzenia towarzysz\u0105 nam w najwa\u017cniejszych momentach \u017cycia!Czy jeste\u015bcie w domu, czy w pracy, na wiosn\u0119, w gor\u0105ce lato, jesieni\u0105, a nawet w zimie<br \/>\nkwiaty s\u0105 potrzebne cz\u0142owiekowi, gdy\u017c bez nich pi\u0119kno naszego \u017cycia staje si\u0119 ubo\u017csze.Istnieje du\u017ca r\u00f3\u017cnorodno\u015b\u0107 kolor\u00f3w i ka\u017cdy znajdzie co\u015b dla siebie!\u00a0 Na tej stronie znajdziecie Pa\u0144stwo<br \/>\nwiele interesuj\u0105cych informacji na temat mojego najbardziej ulubionego &#8211; Gladiolusa &#8211; Mieczyka.<a href=\"https:\/\/www.gladiole.pl\/wp-content\/uploads\/2009\/12\/Kopia-P8020008-Large.jpg\"><img loading=\"lazy\" decoding=\"async\" class=\"alignright size-thumbnail wp-image-181\" title=\"Kopia P8020008 (Large)\" src=\"https:\/\/www.gladiole.pl\/wp-content\/uploads\/2009\/12\/Kopia-P8020008-Large-150x150.jpg\" alt=\"\" width=\"150\" height=\"150\" \/><\/a> Na zdj\u0119ciu Westoczka (Nowina)<\/p>\n<p>Odmiany mieczyk\u00f3w\u00a0 wydaj\u0105 kwiaty od miniaturowych\u00a0 do bardzo du\u017cych (odmiana Kamila do 18cm!).<br \/>\nMaj\u0105 bogat\u0105 gam\u0119 barw, z delikatnym \u015bwiat\u0142em i jasnym nasyceniem kolor\u00f3w, od monochromatycznego do<br \/>\nwielokolorowych, opalizuj\u0105ce kolory o\u00a0 r\u00f3\u017cnych wzorach.\u00a0 P\u0142atki kwiat\u00f3w maj\u0105 struktur\u0119 od mi\u0119kkiej<br \/>\npo tward\u0105 woskow\u0105, odporn\u0105 na wiatr i deszcz, od powierzchni g\u0142adkiej po bardzo mocno fryzowan\u0105 (marszczon\u0105).<br \/>\nTak szerok\u0105 palet\u0119 kolor\u00f3w mieczyk\u00f3w daje nam s\u0142o\u0144ce i wyzwala uczucie harmonii ze \u015bwiatem!<br \/>\nAby z powodzeniem uprawia\u0107 te cudowne kwiaty, trzeba posiada\u0107 pewn\u0105 wiedz\u0119, do\u015bwiadczenie,<br \/>\nobserwacje i oczywi\u015bcie mi\u0142o\u015b\u0107 do kwiat\u00f3w oraz wielkie pragnienie ich uprawiania.<\/p>\n<p>Stanis\u0142aw Smole\u0144 &lt;s\u0105siad&gt;<br \/>\nKorekta: Iwona Jakubowska<\/p>\n<h3><span style=\"font-size: medium;\">1<br \/>\n<\/span><\/h3>\n<\/div>\n<p style=\"text-align: center;\">Do Klubu zapraszam osoby zajmuj\u0105ce\u00a0 si\u0119 upraw\u0105 mieczyk\u00f3w\u00a0 dla przyjemno\u015bci, hobbyst\u00f3w, \u00a0 \u00a0 \u00a0 \u00a0 \u00a0 \u00a0 selekcjoner\u00f3w (hodowc\u00f3w)nowych odmian i producent\u00f3w cebul i kwiat\u00f3w.<\/p>\n<p style=\"text-align: center;\">2<\/p>\n<p style=\"text-align: center;\">Klub nie prowadzi dzia\u0142alno\u015bci finansowej, a wszystkie porady<br \/>\ni informacje cz\u0142onkowie klubu udzielaj\u0105 bezp\u0142atnie.<\/p>\n<p style=\"text-align: center;\">3<\/p>\n<p style=\"text-align: center;\">Na naszych stronach\u00a0 zamieszczamy materia\u0142y i instrukcje<br \/>\no uprawie i zabiegach ochronnych mieczyk\u00f3w.<\/p>\n<p style=\"text-align: center;\">4<\/p>\n<p style=\"text-align: center;\">B\u0119dziemy nawi\u0105zywa\u0107 wsp\u00f3\u0142prac\u0119 z producentami cebul i hodowcami\u00a0 odmian oraz \u00a0 \u00a0 \u00a0 \u00a0 \u00a0 \u00a0 \u00a0 informowa\u0107 o mo\u017cliwo\u015bciach\u00a0\u00a0 nabycia nowoczesnych odmian w kraju i zza granicy.<\/p>\n<p style=\"text-align: center;\">5<\/p>\n<p style=\"text-align: center;\">Cz\u0142onkowie\u00a0\u00a0 I KMM b\u0119d\u0105 zamieszcza\u0107 fotografie swoich kwiat\u00f3w w publicznych albumach zdj\u0119\u0107, stronach www.<\/p>\n<p>To jest program do dyskusji z mo\u017cliwo\u015bci\u0105\u00a0 uzupe\u0142nienia\u00a0 o nowe pomys\u0142y i\u00a0 propozycje. Prosz\u0119 o komentarze w tym zakresie.\u00a0 \u00a0Obecnie Zapraszam do grupy Klub Mi\u0142o\u015bnik\u00f3w Mieczyk\u00f3w na Fb. <a href=\"https:\/\/www.facebook.com\/groups\/1854595308116140\/\">https:\/\/www.facebook.com\/groups\/1854595308116140\/<\/a><\/p>\n<p><strong>I doko\u0144czanie. <\/strong><br \/>\nW mieczykach (podobnie jak w innych ro\u015blinach oraz u zwierz\u0105t) zdarzaj\u0105 si\u0119 MUTANTY. Bywa, \u017ce po kilku latach uprawy nie wiadomo sk\u0105d kwitnie co\u015b w innym kolorze. Szczeg\u00f3lnie jest to mo\u017cliwe je\u015bli sadzimy odmiany heterozyjne, a nasiona by\u0142y na\u015bwietlane promieniami mutagennymi i innymi sposobami.<br \/>\nWniosek &#8211; powstrzymajmy si\u0119 od eksperyment\u00f3w na ludziach.<br \/>\nStanis\u0142aw Smole\u0144 &lt;s\u0105siad&gt;<\/p>\n","protected":false},"excerpt":{"rendered":"<p>Internetowy\u00a0 KLUB\u00a0\u00a0 MI\u0141O\u015aNIK\u00d3W\u00a0\u00a0\u00a0 MIECZYK\u00d3W Kwiaty sta\u0142y si\u0119 towarzyszem naszego \u017cycia! Spr\u00f3bujcie sobie wyobrazi\u0107 nasz \u015bwiat bez kwiat\u00f3w&#8230; Pomy\u015blcie&#8230; Czy nie jest prawd\u0105, \u017ce \u017cycie by\u0142oby szare, smutne i przygn\u0119biaj\u0105ce? Dobrze, \u017ce w rzeczywisto\u015bci kwiaty s\u0105 zawsze z nami, a ludzie po prostu nie mog\u0105 si\u0119 bez nich obej\u015b\u0107.Kiedy ludzie staj\u0105 si\u0119 zm\u0119czeni ha\u0142asem asfaltowych dr\u00f3g [&hellip;]<\/p>\n","protected":false},"author":2,"featured_media":0,"parent":0,"menu_order":0,"comment_status":"open","ping_status":"open","template":"","meta":{"footnotes":""},"class_list":["post-50","page","type-page","status-publish","hentry"],"_links":{"self":[{"href":"https:\/\/www.gladiole.pl\/index.php?rest_route=\/wp\/v2\/pages\/50","targetHints":{"allow":["GET"]}}],"collection":[{"href":"https:\/\/www.gladiole.pl\/index.php?rest_route=\/wp\/v2\/pages"}],"about":[{"href":"https:\/\/www.gladiole.pl\/index.php?rest_route=\/wp\/v2\/types\/page"}],"author":[{"embeddable":true,"href":"https:\/\/www.gladiole.pl\/index.php?rest_route=\/wp\/v2\/users\/2"}],"replies":[{"embeddable":true,"href":"https:\/\/www.gladiole.pl\/index.php?rest_route=%2Fwp%2Fv2%2Fcomments&post=50"}],"version-history":[{"count":52,"href":"https:\/\/www.gladiole.pl\/index.php?rest_route=\/wp\/v2\/pages\/50\/revisions"}],"predecessor-version":[{"id":1261,"href":"https:\/\/www.gladiole.pl\/index.php?rest_route=\/wp\/v2\/pages\/50\/revisions\/1261"}],"wp:attachment":[{"href":"https:\/\/www.gladiole.pl\/index.php?rest_route=%2Fwp%2Fv2%2Fmedia&parent=50"}],"curies":[{"name":"wp","href":"https:\/\/api.w.org\/{rel}","templated":true}]}}