{"id":236,"date":"2010-03-25T08:12:27","date_gmt":"2010-03-25T07:12:27","guid":{"rendered":"http:\/\/www.gladiole.pl\/?page_id=236"},"modified":"2016-12-16T13:04:05","modified_gmt":"2016-12-16T12:04:05","slug":"do-sprzedania","status":"publish","type":"page","link":"https:\/\/www.gladiole.pl\/?page_id=236","title":{"rendered":"Do sprzedania."},"content":{"rendered":"<h2>Do sprzedania na sezon 2017 \u00a0 Kolekcja odmian , kt\u00f3rych nie kupicie w sklepach \u00a0<a href=\"https:\/\/docs.google.com\/spreadsheets\/d\/1xPLjTd_FFgV7J6LUJ5Cek_OLB0a1NBCtSgRWZiIqCMo\/edit#gid=0\" target=\"_blank\">\u00a0https:\/\/docs.google.com\/spreadsheets\/d\/1xPLjTd_FFgV7J6LUJ5Cek_OLB0a1NBCtSgRWZiIqCMo\/edit#gid=0<\/a>\u00a0Dost\u0119pne s\u0105 odmiany z cen\u0105 w kratkach.<\/h2>\n<h2><\/h2>\n<p><a href=\"https:\/\/docs.google.com\/spreadsheets\/d\/1xPLjTd_FFgV7J6LUJ5Cek_OLB0a1NBCtSgRWZiIqCMo\/edit#gid=0\" target=\"_blank\">Szczeg\u00f3\u0142owy regulamin jest podany na stronie &#8222;O mnie i KATALOG&#8221;.<\/a><\/p>\n<p>Fotografie Odmian znajduj\u0105 si\u0119 w:<\/p>\n<p><a href=\"https:\/\/plus.google.com\/photos\/101140803810477233966\/albums\/6092401318239844545?banner=pwa\">https:\/\/plus.google.com\/photos\/101140803810477233966\/albums\/5954764216114049953?banner=pwa<\/a><\/p>\n<p><a href=\"https:\/\/plus.google.com\/photos\/101140803810477233966\/albums\/6092401318239844545?banner=pwa\">https:\/\/plus.google.com\/photos\/101140803810477233966\/albums\/6092401318239844545?banner=pwa<\/a><\/p>\n<p>Oraz w KATALOGU\u00a0 w Kolumnie z linkami do poszczeg\u00f3lnych odmian.<\/p>\n<p><a id=\"nzsr\" title=\"MIECZYKI KOLEKCJONERSKIE &lt;s\u0105siada&gt; rok 2010\" href=\"http:\/\/picasaweb.google.com\/stanislaw.smolen\/MIECZYKI2010#\">MIECZYKI KOLEKCJONERSKIE &lt;s\u0105siada&gt; rok 2010<\/a><\/p>\n<p>W sprzeda\u017cy mamy ponad\u00a0 dwie\u015bcie\u00a0 odmian <strong>KOLEKCJONERSKICH<\/strong> .\u00a0 ORAZ nowe zarejestrowane POLSKIE ODMIANY\u00a0 &#8211; POLONEZ PL,\u00a0 EWA BEM,\u00a0 ITUSZKA, WESTCHNIENIE, I wczesna odmiana ZUZANNA\u00a0 z mojej selekcji.<\/p>\n<p>Zamieszczone odmiany i wiele innych znajdziecie w Katalogu.<\/p>\n<p>Je\u015bli kto\u015b nie mo\u017ce otworzy\u0107 linku do katalogu prosz\u0119 o kontakt e.mail<\/p>\n<p>Kolekcja rodzinna &#8211; Stanis\u0142aw Smole\u0144.\u00a0 Zam\u00f3wienia kierowa\u0107 na e.mail &#8211;\u00a0 <a title=\"stanislaw.smolen@gmail.com\" href=\"mailto:stanislaw.smolen@gmail.com\" target=\"_blank\">stanislaw.smolen@gmail.com<br \/>\n<\/a> <strong>R E G U L A M I N<\/strong><br \/>\nP\u0142atno\u015bci przelewem lub przekazem pocztowym &#8211; konto lub adres podajemy po potwierdzeniu przyj\u0119cia zam\u00f3wienia przed wysy\u0142k\u0105..<br \/>\nW sekcji\u00a0 UPRAWA\u00a0 szczeg\u00f3\u0142owo opisano wszystkie najpilniejsze informacje o uprawie mieczyk\u00f3w.<br \/>\nUstalenia:<br \/>\nZamawianie\u00a0 materia\u0142u realizowane jest\u00a0 przez e.mail . \u00a0 Sprzeda\u017c\u00a0 cebul jest realizowana ze zbior\u00f3w prywatnych, a nie sp\u00f3\u0142ki produkuj\u0105cej mieczyki. Sprzeda\u017c materia\u0142u jest prowadzona w ograniczonych ilo\u015bciach dla amator\u00f3w i dzia\u0142kowicz\u00f3w oraz\u00a0 ma\u0142ych gospodarstw ogrodniczych . Nie wystawiamy faktur.<\/p>\n<p>Warunki\u00a0 realizacji zam\u00f3wienia:<br \/>\n1.Wskazane\u00a0 jest uzgodnienie wyboru odmian w celu stwierdzenia dost\u0119pno\u015bci\u00a0 tych odmian i ustalenia kwoty (ilo\u015b\u0107 materia\u0142u nasadzeniowego ci\u0105gle si\u0119 zmienia z powodu zlece\u0144).\u00a0\u00a0\u00a0 Nast\u0119pnie musi\u00a0 wp\u0142yn\u0105\u0107 zap\u0142ata. Dost\u0119pne s\u0105 tylko odmiany i rozmiary\u00a0 z wpisan\u0105 cen\u0105 w klatkach danej odmiany w katalogu .<br \/>\n2.Minimalne zam\u00f3wienie od 30 z\u0142otych, plus koszty wysy\u0142ki, uzgodnione przy potwierdzeniu przyj\u0119cia zam\u00f3wienia. Inaczej wysy\u0142ka i taryfy Poczty Polskiej oraz KURIER\u00d3W.<br \/>\n3. Cena cebulek zale\u017cy od dost\u0119pno\u015bci odmiany, a nie od walor\u00f3w ozdobnych .<br \/>\n4.Cebulki pakowane s\u0105 do\u00a0 torebek z nazw\u0105 odmiany, minimum 2 sztuki lub napis na cebulce flamastrem nietoksycznym po kilka pojedynczych odmian.<br \/>\n5.Przy wyst\u0105pieniu braku rozmiaru, wysy\u0142amy wi\u0119cej szt.\u00a0 mniejszej wielko\u015bci lub mniej\u00a0\u00a0\u00a0 wi\u0119kszych lub cebulki przybyszowe (dzieci) \u015brednicy 5 &#8211; 6 mm (po uzgodnieniu).<\/p>\n<p>6.Przy braku odmiany zam\u00f3wionych cebulek, zast\u0119pujemy podobnymi odmianami,\u00a0 nale\u017cy wskaza\u0107\u00a0 jak najwi\u0119cej opcji zamiany.<\/p>\n<p>7.Uzgodniony wykaz jest zarezerwowany\u00a0 dla\u00a0 klienta na okres nie d\u0142u\u017cszy ni\u017c 7 dni, po wys\u0142aniu numeru konta, podczas kt\u00f3rych oczekuje si\u0119 realizacji zap\u0142aty. Niezap\u0142acone cebulki w okre\u015blonym czasie przeznacza si\u0119 na realizacj\u0119 innych zamawiaj\u0105cych\u00a0 (z wyj\u0105tkiem umowy z klientem o przed\u0142u\u017ceniu terminu p\u0142atno\u015bci). Do szybkiego z\u0142o\u017cenia zam\u00f3wienia mog\u0105 pa\u0144stwo skopiowa\u0107 na e-mail poni\u017cszy wz\u00f3r, wype\u0142ni\u0107 i wys\u0142a\u0107.\u00a0\u00a0 W tym przypadku czas\u00a0 negocjacji i realizacji zam\u00f3wienia\u00a0 jest znacznie skr\u00f3cony.<br \/>\n8.Dla pe\u0142niej realizacji zam\u00f3wienia, prosimy o okre\u015blenie rezerwy na ewentualne zamiany odmian.<\/p>\n<p><span style=\"color: #ff6600;\">Nazwisko i\u00a0 imi\u0119,\u00a0\u00a0\u00a0\u00a0 Kod pocztowy\u00a0\u00a0\u00a0\u00a0\u00a0 Miasto, gmina\u00a0\u00a0\u00a0\u00a0\u00a0\u00a0\u00a0 Ulica, dom, mieszkanie,<\/span><\/p>\n<p>Prosimy o przes\u0142anie nast\u0119puj\u0105cych odmian mieczyk\u00f3w:<\/p>\n<p><span style=\"color: #ff6600;\">Lp. katalogu. \u00a0Nazwa odmiany (KOD), Nr.skrzynki, Wielko\u015b\u0107\/ Ilo\u015b\u0107 szt.\u00a0\u00a0\u00a0 Cena\u00a0\u00a0\u00a0 Warto\u015b\u0107 . Opcje do zamiany.<\/span><\/p>\n<p>Najlepiej <span style=\"color: #ff6600;\">na arkuszu kalkulacyjnym<\/span><br \/>\nMi\u0119dzynarodowy kod, wed\u0142ug zasad okre\u015blonych w dziale &#8222;KLASYFIKACJA&#8221;\u00a0 www.gladiole.pl<br \/>\nCzas kwitnienia: VE bardzo wczesne, E &#8211; wczesne, EM &#8211; \u015bredniowczesne, M-\u015brednie,\u00a0 ML-\u015brednio p\u00f3\u017ane\u00a0 L p\u00f3\u017ane ,\u00a0 LV &#8211; bardzo p\u00f3\u017ane.<br \/>\nInformacje o fryzowaniu (marszczeniu) pofalowaniu , F\u00a0 umiarkowanie faliste,\u00a0 SF &#8211; \u015brednio-fryzowane\u00a0 MF &#8211; mocno fryzowane. MM &#8211; mocno marszczone.<br \/>\nNumery za pomoc\u0105 u\u0142amka, np. 24\/12 oznacza liczb\u0119 p\u0105czk\u00f3w k\u0142osie i liczb\u0119 jednocze\u015bnie otwartych kwiat\u00f3w. W tym przyk\u0142adzie 24 p\u0105ki kwiatowe i 12 kwiat\u00f3w\u00a0 jednocze\u015bnie otwartych. Wszystkie te kr\u00f3tkie oznakowania s\u0105 pomoce przy\u00a0 wyborze odmian ozdobnych .<br \/>\nCebule, w zale\u017cno\u015bci od wielko\u015bci dzieli si\u0119 na :<br \/>\nDu\u017ce o \u015brednicy cebulki\u00a0\u00a0 3,2 cm lub wi\u0119cej, \u015brednie &#8211; o \u015brednicy od 2,5 do 3,2 cm ,\u00a0\u00a0 ma\u0142e &#8211; o \u015brednicy od 1,5 do 2,5 cm.\u00a0 Wszystkie cebulki zakwitn\u0105 w danym sezonie. Cebulki przybyszowe w zale\u017cno\u015bci od odmiany &#8211; minimalna \u015brednica 4 mm.<\/p>\n<p>Najwi\u0119ksze cebulki przybyszowe (dzieci) dadz\u0105 kwiat w pierwszym roku po wczesnym posadzeniu, a pozosta\u0142e w roku nast\u0119pnym.<\/p>\n<p>Stanis\u0142aw Smole\u0144 &lt;s\u0105siad&gt;<\/p>\n","protected":false},"excerpt":{"rendered":"<p>Do sprzedania na sezon 2017 \u00a0 Kolekcja odmian , kt\u00f3rych nie kupicie w sklepach \u00a0\u00a0https:\/\/docs.google.com\/spreadsheets\/d\/1xPLjTd_FFgV7J6LUJ5Cek_OLB0a1NBCtSgRWZiIqCMo\/edit#gid=0\u00a0Dost\u0119pne s\u0105 odmiany z cen\u0105 w kratkach. Szczeg\u00f3\u0142owy regulamin jest podany na stronie &#8222;O mnie i KATALOG&#8221;. Fotografie Odmian znajduj\u0105 si\u0119 w: https:\/\/plus.google.com\/photos\/101140803810477233966\/albums\/5954764216114049953?banner=pwa https:\/\/plus.google.com\/photos\/101140803810477233966\/albums\/6092401318239844545?banner=pwa Oraz w KATALOGU\u00a0 w Kolumnie z linkami do poszczeg\u00f3lnych odmian. MIECZYKI KOLEKCJONERSKIE &lt;s\u0105siada&gt; rok 2010 W sprzeda\u017cy [&hellip;]<\/p>\n","protected":false},"author":2,"featured_media":0,"parent":0,"menu_order":0,"comment_status":"open","ping_status":"open","template":"","meta":{"footnotes":""},"class_list":["post-236","page","type-page","status-publish","hentry"],"_links":{"self":[{"href":"https:\/\/www.gladiole.pl\/index.php?rest_route=\/wp\/v2\/pages\/236","targetHints":{"allow":["GET"]}}],"collection":[{"href":"https:\/\/www.gladiole.pl\/index.php?rest_route=\/wp\/v2\/pages"}],"about":[{"href":"https:\/\/www.gladiole.pl\/index.php?rest_route=\/wp\/v2\/types\/page"}],"author":[{"embeddable":true,"href":"https:\/\/www.gladiole.pl\/index.php?rest_route=\/wp\/v2\/users\/2"}],"replies":[{"embeddable":true,"href":"https:\/\/www.gladiole.pl\/index.php?rest_route=%2Fwp%2Fv2%2Fcomments&post=236"}],"version-history":[{"count":29,"href":"https:\/\/www.gladiole.pl\/index.php?rest_route=\/wp\/v2\/pages\/236\/revisions"}],"predecessor-version":[{"id":1039,"href":"https:\/\/www.gladiole.pl\/index.php?rest_route=\/wp\/v2\/pages\/236\/revisions\/1039"}],"wp:attachment":[{"href":"https:\/\/www.gladiole.pl\/index.php?rest_route=%2Fwp%2Fv2%2Fmedia&parent=236"}],"curies":[{"name":"wp","href":"https:\/\/api.w.org\/{rel}","templated":true}]}}